{"id":147,"date":"2017-01-25T18:54:53","date_gmt":"2017-01-25T17:54:53","guid":{"rendered":"http:\/\/www.jardinsdechanabier.com\/?page_id=147"},"modified":"2017-01-25T19:05:06","modified_gmt":"2017-01-25T18:05:06","slug":"bibliographie-des-jardins-de-chanabier","status":"publish","type":"page","link":"https:\/\/www.jardinsdechanabier.com\/?page_id=147","title":{"rendered":"Bibliographie du jardin botanique"},"content":{"rendered":"<p>En plus de son exp\u00e9rience professionnelle de paysagiste, Nathana\u00ebl Bechdolff s\u2019appuie sur plusieurs livres afin d\u2019\u00e9toffer et de renseigner le jardin botanique.<\/p>\n<p><strong>Au jardin des plantes de la Bible<\/strong> <a href=\"http:\/\/paquereau.fr\/jean\/au-jardin-des-plantes-de-la-bible\/\">ouvrage<\/a> par Jean Paquereau (Editions IDF Paris, paru en 2013)<\/p>\n<p><strong>40 plantes de la Bible<\/strong> de Pascal Geoffroy aux Editions Passiflore<\/p>\n<p><strong>Les plantes de la Bible<\/strong> de Kawollek et Falk aux \u00e9ditions Ulmer<\/p>\n<p><strong>Les plantes de la Bible (guide de la flore en Terre Sainte)<\/strong> de\u00a0<span style=\"font-size: 1rem;\">Solange et Jean Maillat aux \u00e9ditions D\u00e9sIris<\/span><\/p>\n<p><strong>Les plantes de la Bible et leur symbolique<\/strong> de Christophe Boureux en partenariat avec le Domaine de Courson aux Editions du Cerf<\/p>\n<p><strong>Les nourritures de la Bible<\/strong> (all\u00e9gorie et symbole) d\u2019Olivier\u00a0<span style=\"font-size: 1rem;\">Cair-H\u00e9lion aux Editions du Gerfaut<\/span><\/p>\n<p><strong>D\u2019un jardin \u00e0 l\u2019Autre de Fr\u00e9d\u00e9ric Baudin<\/strong> aux Editions CEM (Culture Environnement M\u00e9dias)<\/p>\n<p>&nbsp;<\/p>\n<p>D\u2019autres livres botaniques ou livres sur le jardin biologique non\u00a0rattach\u00e9s sp\u00e9cifiquement au th\u00e8me des plantes de la Bible sont\u00a0aussi utilis\u00e9s (Botanica, Flore de la France m\u00e9diterran\u00e9enne continentale, Catalogue des v\u00e9g\u00e9tations PNR Monts d\u2019Ard\u00e8che, etc.)<\/p>\n<p>Dans le jardin botanique, les plantes seront accompagn\u00e9es d\u2019un\u00a0descriptif pr\u00e9sentant les informations principales de chaque plante. Les personnes pourront \u00eatre renseign\u00e9es sur place ou utiliser ces livres et aller visiter le site des Jardins de Chanabier o\u00f9 chaque plante sera expliqu\u00e9e.<\/p>\n<p>Lors des visites individuelles, un livret explicatif accompagnera le\u00a0 parcours. Les visites guid\u00e9es b\u00e9n\u00e9ficieront d\u2019un d\u00e9roul\u00e9 de la visite \u00e9crit par Nathana\u00ebl Bechdolff.<\/p>\n<p>&nbsp;<\/p>\n","protected":false},"excerpt":{"rendered":"<p>En plus de son exp\u00e9rience professionnelle de paysagiste, Nathana\u00ebl Bechdolff s\u2019appuie sur plusieurs livres afin d\u2019\u00e9toffer et de renseigner le jardin botanique. Au jardin des plantes de la Bible ouvrage par Jean Paquereau (Editions IDF Paris, paru en 2013) 40 plantes de la Bible de Pascal Geoffroy aux Editions Passiflore Les plantes de la Bible &hellip; <\/p>\n<p class=\"link-more\"><a href=\"https:\/\/www.jardinsdechanabier.com\/?page_id=147\" class=\"more-link\">Continuer la lecture<span class=\"screen-reader-text\"> de &laquo;&nbsp;Bibliographie du jardin botanique&nbsp;&raquo;<\/span><\/a><\/p>\n","protected":false},"author":1,"featured_media":148,"parent":21,"menu_order":1,"comment_status":"closed","ping_status":"closed","template":"","meta":{"_exactmetrics_skip_tracking":false,"_exactmetrics_sitenote_active":false,"_exactmetrics_sitenote_note":"","_exactmetrics_sitenote_category":0,"footnotes":""},"class_list":["post-147","page","type-page","status-publish","has-post-thumbnail","hentry"],"_links":{"self":[{"href":"https:\/\/www.jardinsdechanabier.com\/index.php?rest_route=\/wp\/v2\/pages\/147","targetHints":{"allow":["GET"]}}],"collection":[{"href":"https:\/\/www.jardinsdechanabier.com\/index.php?rest_route=\/wp\/v2\/pages"}],"about":[{"href":"https:\/\/www.jardinsdechanabier.com\/index.php?rest_route=\/wp\/v2\/types\/page"}],"author":[{"embeddable":true,"href":"https:\/\/www.jardinsdechanabier.com\/index.php?rest_route=\/wp\/v2\/users\/1"}],"replies":[{"embeddable":true,"href":"https:\/\/www.jardinsdechanabier.com\/index.php?rest_route=%2Fwp%2Fv2%2Fcomments&post=147"}],"version-history":[{"count":1,"href":"https:\/\/www.jardinsdechanabier.com\/index.php?rest_route=\/wp\/v2\/pages\/147\/revisions"}],"predecessor-version":[{"id":1093,"href":"https:\/\/www.jardinsdechanabier.com\/index.php?rest_route=\/wp\/v2\/pages\/147\/revisions\/1093"}],"up":[{"embeddable":true,"href":"https:\/\/www.jardinsdechanabier.com\/index.php?rest_route=\/wp\/v2\/pages\/21"}],"wp:featuredmedia":[{"embeddable":true,"href":"https:\/\/www.jardinsdechanabier.com\/index.php?rest_route=\/wp\/v2\/media\/148"}],"wp:attachment":[{"href":"https:\/\/www.jardinsdechanabier.com\/index.php?rest_route=%2Fwp%2Fv2%2Fmedia&parent=147"}],"curies":[{"name":"wp","href":"https:\/\/api.w.org\/{rel}","templated":true}]}}