{"id":17,"date":"2017-01-24T20:39:18","date_gmt":"2017-01-24T19:39:18","guid":{"rendered":"http:\/\/www.jardinsdechanabier.com\/?page_id=17"},"modified":"2024-02-11T18:44:20","modified_gmt":"2024-02-11T17:44:20","slug":"accueil","status":"publish","type":"page","link":"https:\/\/www.jardinsdechanabier.com\/","title":{"rendered":"Accueil"},"content":{"rendered":"<blockquote><p><img loading=\"lazy\" decoding=\"async\" class=\"alignright wp-image-13 \" src=\"https:\/\/www.jardinsdechanabier.com\/wp-content\/uploads\/2017\/01\/L-LES-JARDINS-DE-CHANABIER-LOGO-RVB-174x300.jpg\" alt=\"Les Jardins de Chanabier\" width=\"201\" height=\"347\" srcset=\"https:\/\/www.jardinsdechanabier.com\/wp-content\/uploads\/2017\/01\/L-LES-JARDINS-DE-CHANABIER-LOGO-RVB-174x300.jpg 174w, https:\/\/www.jardinsdechanabier.com\/wp-content\/uploads\/2017\/01\/L-LES-JARDINS-DE-CHANABIER-LOGO-RVB-768x1326.jpg 768w, https:\/\/www.jardinsdechanabier.com\/wp-content\/uploads\/2017\/01\/L-LES-JARDINS-DE-CHANABIER-LOGO-RVB-593x1024.jpg 593w, https:\/\/www.jardinsdechanabier.com\/wp-content\/uploads\/2017\/01\/L-LES-JARDINS-DE-CHANABIER-LOGO-RVB.jpg 1477w\" sizes=\"auto, (max-width: 201px) 100vw, 201px\" \/><\/p>\n<p style=\"text-align: center;\"><strong>\u00ab\u00a0Nous\u00a0devons\u00a0apprendre \u00e0\u00a0respecter\u00a0<\/strong><strong>la\u00a0vie<\/strong><br \/>\n<strong> sous\u00a0toutes\u00a0ses\u00a0formes :<\/strong><br \/>\n<strong> il ne faut\u00a0d\u00e9truire\u00a0sans\u00a0raison<\/strong><br \/>\n<strong> aucune\u00a0de\u00a0ces\u00a0herbes,<\/strong><br \/>\n<strong> aucune\u00a0de\u00a0ces\u00a0fleurs,<\/strong><br \/>\n<strong> aucun\u00a0de ces\u00a0animaux<\/strong><br \/>\n<strong> qui\u00a0sont\u00a0tous,\u00a0eux\u00a0aussi,<\/strong><br \/>\n<strong> des cr\u00e9atures de Dieu. \u00bb<\/strong><\/p>\n<p style=\"text-align: center;\">Th\u00e9odore Monod<\/p>\n<\/blockquote>\n<p style=\"text-align: left;\">\n<p><iframe loading=\"lazy\" src=\"https:\/\/www.youtube.com\/embed\/WCtd2IiW85Q\" width=\"560\" height=\"315\" frameborder=\"0\" allowfullscreen=\"allowfullscreen\"><\/iframe><\/p>\n<p>Le jardin permettra de retrouver ses racines d\u2019une mani\u00e8re in\u00e9dite et innovante.\u00a0D\u00e9couvrir les plantes de la Bible c\u2019est faire un saut de plusieurs mill\u00e9naires en arri\u00e8re afin de comprendre nos racines jud\u00e9o-chr\u00e9tiennes.<\/p>\n<blockquote><p><em>\u00ab\u00a0Comme de multiples facettes, les plantes de la Bible nous font d\u00e9couvrir un r\u00e9cit qui peut \u00eatre le notre, celui d&rsquo;une humanit\u00e9 qui a besoin de retrouver ses racines pour vivre ensemble, pour respecter la nature, pour cultiver la Terre en la respectant&#8230; et se cultiver soi-m\u00eame !\u00a0\u00bb (Nathana\u00ebl Bechdolff)<\/em><\/p><\/blockquote>\n","protected":false},"excerpt":{"rendered":"<p>\u00ab\u00a0Nous\u00a0devons\u00a0apprendre \u00e0\u00a0respecter\u00a0la\u00a0vie sous\u00a0toutes\u00a0ses\u00a0formes : il ne faut\u00a0d\u00e9truire\u00a0sans\u00a0raison aucune\u00a0de\u00a0ces\u00a0herbes, aucune\u00a0de\u00a0ces\u00a0fleurs, aucun\u00a0de ces\u00a0animaux qui\u00a0sont\u00a0tous,\u00a0eux\u00a0aussi, des cr\u00e9atures de Dieu. \u00bb Th\u00e9odore Monod Le jardin permettra de retrouver ses racines d\u2019une mani\u00e8re in\u00e9dite et innovante.\u00a0D\u00e9couvrir les plantes de la Bible c\u2019est faire un saut de plusieurs mill\u00e9naires en arri\u00e8re afin de comprendre nos racines jud\u00e9o-chr\u00e9tiennes. \u00ab\u00a0Comme de multiples facettes, &hellip; <\/p>\n<p class=\"link-more\"><a href=\"https:\/\/www.jardinsdechanabier.com\/\" class=\"more-link\">Continuer la lecture<span class=\"screen-reader-text\"> de &laquo;&nbsp;Accueil&nbsp;&raquo;<\/span><\/a><\/p>\n","protected":false},"author":1,"featured_media":0,"parent":0,"menu_order":0,"comment_status":"closed","ping_status":"closed","template":"","meta":{"_exactmetrics_skip_tracking":false,"_exactmetrics_sitenote_active":false,"_exactmetrics_sitenote_note":"","_exactmetrics_sitenote_category":0,"footnotes":""},"class_list":["post-17","page","type-page","status-publish","hentry"],"_links":{"self":[{"href":"https:\/\/www.jardinsdechanabier.com\/index.php?rest_route=\/wp\/v2\/pages\/17","targetHints":{"allow":["GET"]}}],"collection":[{"href":"https:\/\/www.jardinsdechanabier.com\/index.php?rest_route=\/wp\/v2\/pages"}],"about":[{"href":"https:\/\/www.jardinsdechanabier.com\/index.php?rest_route=\/wp\/v2\/types\/page"}],"author":[{"embeddable":true,"href":"https:\/\/www.jardinsdechanabier.com\/index.php?rest_route=\/wp\/v2\/users\/1"}],"replies":[{"embeddable":true,"href":"https:\/\/www.jardinsdechanabier.com\/index.php?rest_route=%2Fwp%2Fv2%2Fcomments&post=17"}],"version-history":[{"count":0,"href":"https:\/\/www.jardinsdechanabier.com\/index.php?rest_route=\/wp\/v2\/pages\/17\/revisions"}],"wp:attachment":[{"href":"https:\/\/www.jardinsdechanabier.com\/index.php?rest_route=%2Fwp%2Fv2%2Fmedia&parent=17"}],"curies":[{"name":"wp","href":"https:\/\/api.w.org\/{rel}","templated":true}]}}