{"id":368,"date":"2017-12-19T15:37:07","date_gmt":"2017-12-19T14:37:07","guid":{"rendered":"http:\/\/www.jardinsdechanabier.com\/?page_id=368"},"modified":"2023-01-10T21:44:25","modified_gmt":"2023-01-10T20:44:25","slug":"myrte-et-papyrus","status":"publish","type":"page","link":"https:\/\/www.jardinsdechanabier.com\/?page_id=368","title":{"rendered":"Myrte et Papyrus"},"content":{"rendered":"<p><b>L&rsquo;association Myrte et Papyrus a \u00e9t\u00e9 cr\u00e9\u00e9e en juillet 2014 afin de mettre en \u0153uvre le projet de jardin botanique des plantes de la Bible\u00a0<\/b><\/p>\n<p>Dans cette section du site, vous trouverez toutes les informations concernant cette association loi 1901 d\u00e9clar\u00e9e le 12 septembre 2014 aupr\u00e8s de la pr\u00e9fecture de l&rsquo;Ard\u00e8che sous le num\u00e9ro W071002144<\/p>\n<p>L&rsquo;association a pour objectif : <strong>l&rsquo;\u00e9ducation \u00e0 l&rsquo;environnement et au d\u00e9veloppement durable avec une dimension port\u00e9e sur l&rsquo;\u00e9conomie sociale et solidaire.<\/strong> L&rsquo;application de la permaculture avec son \u00e9thique et la formation a la permaculture fait partie int\u00e9grante du projet de l&rsquo;association.<\/p>\n<p>Le projet de jardin botanique est un des outils pour atteindre cet objectif aupr\u00e8s du plus grand public possible<\/p>\n<p>Elle agit en vue de la transition \u00e9cologique en d\u00e9veloppant la permaculture, l&rsquo;apprentissage d&rsquo;une bonne gestion des ressources, le partage autour du patrimoine naturel, agricole, ard\u00e9chois, la connaissance des symboles des plantes avec le jardin botanique des plantes m\u00e9diterran\u00e9ennes, historiques, cit\u00e9es dans la Bible.<\/p>\n<p><a href=\"https:\/\/www.jardinsdechanabier.com\/?page_id=381\">Vous pouvez devenir membre de l&rsquo;association.<\/a><\/p>\n<p><a href=\"https:\/\/www.jardinsdechanabier.com\/?page_id=383\">Vous pouvez soutenir ce projet en faisant un don.<\/a><\/p>\n<p><a href=\"https:\/\/www.jardinsdechanabier.com\/?page_id=402\">Vous pouvez recevoir les nouvelles r\u00e9guli\u00e8res de l&rsquo;association et du projet.<\/a><\/p>\n<hr \/>\n<p><strong>Les activit\u00e9s de l\u2019association sont :<\/strong><\/p>\n<ul>\n<li>La mise en \u0153uvre du jardin botanique des plantes de la Bible \u00ab\u00a0Les Jardins de Chanabier\u00a0\u00bb<\/li>\n<li>La d\u00e9couverte de la nature, des plantes et de leurs symboles<\/li>\n<li>La formation par tous moyens (stage, conf\u00e9rence, exposition, \u00e9v\u00e8nements\u2026) \u00e0 la permaculture, \u00e0 la protection de la nature, \u00e0 la transition \u00e9cologique, au jardinage\u2026 et \u00e0 tout sujet li\u00e9 \u00e0 l\u2019environnement et au d\u00e9veloppement durable<\/li>\n<li>La cr\u00e9ation d\u2019un jardin potager partag\u00e9 collectif participant \u00e0 la r\u00e9insertion de personnes, seule ou avec des partenaires (associations familiales et\/ou caritatives)<\/li>\n<li>L\u2019aide \u00e0 la cr\u00e9ation de jardins partag\u00e9s et de lieux de rencontres autour de l\u2019environnement et de la nature<\/li>\n<li>L\u2019accompagnement de toute action collective ou participative ayant un impact positif sur l\u2019environnement ou la transition \u00e9cologique<\/li>\n<li>Toute autre activit\u00e9 permettant la r\u00e9alisation de l\u2019objet de l\u2019association.<\/li>\n<\/ul>\n","protected":false},"excerpt":{"rendered":"<p>L&rsquo;association Myrte et Papyrus a \u00e9t\u00e9 cr\u00e9\u00e9e en juillet 2014 afin de mettre en \u0153uvre le projet de jardin botanique des plantes de la Bible\u00a0 Dans cette section du site, vous trouverez toutes les informations concernant cette association loi 1901 d\u00e9clar\u00e9e le 12 septembre 2014 aupr\u00e8s de la pr\u00e9fecture de l&rsquo;Ard\u00e8che sous le num\u00e9ro W071002144 &hellip; <\/p>\n<p class=\"link-more\"><a href=\"https:\/\/www.jardinsdechanabier.com\/?page_id=368\" class=\"more-link\">Continuer la lecture<span class=\"screen-reader-text\"> de &laquo;&nbsp;Myrte et Papyrus&nbsp;&raquo;<\/span><\/a><\/p>\n","protected":false},"author":1,"featured_media":371,"parent":0,"menu_order":0,"comment_status":"closed","ping_status":"closed","template":"","meta":{"_exactmetrics_skip_tracking":false,"_exactmetrics_sitenote_active":false,"_exactmetrics_sitenote_note":"","_exactmetrics_sitenote_category":0,"footnotes":""},"class_list":["post-368","page","type-page","status-publish","has-post-thumbnail","hentry"],"_links":{"self":[{"href":"https:\/\/www.jardinsdechanabier.com\/index.php?rest_route=\/wp\/v2\/pages\/368","targetHints":{"allow":["GET"]}}],"collection":[{"href":"https:\/\/www.jardinsdechanabier.com\/index.php?rest_route=\/wp\/v2\/pages"}],"about":[{"href":"https:\/\/www.jardinsdechanabier.com\/index.php?rest_route=\/wp\/v2\/types\/page"}],"author":[{"embeddable":true,"href":"https:\/\/www.jardinsdechanabier.com\/index.php?rest_route=\/wp\/v2\/users\/1"}],"replies":[{"embeddable":true,"href":"https:\/\/www.jardinsdechanabier.com\/index.php?rest_route=%2Fwp%2Fv2%2Fcomments&post=368"}],"version-history":[{"count":0,"href":"https:\/\/www.jardinsdechanabier.com\/index.php?rest_route=\/wp\/v2\/pages\/368\/revisions"}],"wp:featuredmedia":[{"embeddable":true,"href":"https:\/\/www.jardinsdechanabier.com\/index.php?rest_route=\/wp\/v2\/media\/371"}],"wp:attachment":[{"href":"https:\/\/www.jardinsdechanabier.com\/index.php?rest_route=%2Fwp%2Fv2%2Fmedia&parent=368"}],"curies":[{"name":"wp","href":"https:\/\/api.w.org\/{rel}","templated":true}]}}