{"id":381,"date":"2017-12-19T17:05:59","date_gmt":"2017-12-19T16:05:59","guid":{"rendered":"http:\/\/www.jardinsdechanabier.com\/?page_id=381"},"modified":"2025-03-09T19:28:38","modified_gmt":"2025-03-09T18:28:38","slug":"adhesion-a-lassociation","status":"publish","type":"page","link":"https:\/\/www.jardinsdechanabier.com\/?page_id=381","title":{"rendered":"Adh\u00e9sion \u00e0 l&rsquo;association"},"content":{"rendered":"\n<p>L\u2019association Myrte et Papyrus a \u00e9t\u00e9 cr\u00e9\u00e9e en juillet 2014 afin de mettre en \u0153uvre le projet de jardin botanique \u00a0\u00bb&nbsp;<a href=\"https:\/\/www.jardinsdechanabier.com\/\">Les Jardins de Chanabier<\/a>&nbsp;\u00a0\u00bb en Ard\u00e8che m\u00e9ridionale. Cette association loi 1901 a \u00e9t\u00e9 d\u00e9clar\u00e9e le 12 septembre 2014 aupr\u00e8s de la pr\u00e9fecture de l\u2019Ard\u00e8che sous le num\u00e9ro W071002144.&nbsp;<\/p>\n\n\n\n<p>L&rsquo;association a pour objectif :&nbsp;<strong>l&rsquo;\u00e9ducation \u00e0 l&rsquo;environnement et au d\u00e9veloppement durable avec une dimension port\u00e9e sur l&rsquo;\u00e9conomie sociale et solidaire.<\/strong>&nbsp;L&rsquo;application de la permaculture avec son \u00e9thique et la formation a la permaculture fait partie int\u00e9grante du projet de l&rsquo;association.&nbsp;Le projet de jardin botanique est un des outils pour atteindre cet objectif aupr\u00e8s du plus grand public possible.<\/p>\n\n\n\n<p>Elle agit en vue de la transition \u00e9cologique en d\u00e9veloppant la permaculture, l&rsquo;apprentissage d&rsquo;une bonne gestion des ressources, le partage autour du patrimoine naturel, agricole, ard\u00e9chois, la connaissance des symboles des plantes avec le jardin botanique des plantes m\u00e9diterran\u00e9ennes, historiques, cit\u00e9es dans la Bible.<\/p>\n\n\n\n<h4 class=\"wp-block-heading\">Devenez membre de l&rsquo;association<\/h4>\n\n\n<p>Cela vous permet de soutenir le projet des Jardins de Chanabier, de favoriser nos actions que ce soit pour cr\u00e9er ou entretenir le jardin botanique, suivre les formations, participer aux \u00e9v\u00e9nements\u2026<\/p>\n<p>En \u00e9tant membre de l&rsquo;association Myrte et Papyrus, vous encouragez les Jardins de Chanabier et vous pourrez b\u00e9n\u00e9ficier d&rsquo;un acc\u00e8s permanent et gratuit au jardin botanique ainsi que des acc\u00e8s privil\u00e9gi\u00e9s \u00e0 nos formations ou \u00e0 nos \u00e9v\u00e9nements.<\/p>\n<p>Les activit\u00e9s de l&rsquo;association sont :<\/p>\n<ul>\n<li>La mise en \u0153uvre du jardin botanique des plantes de la Bible \u00ab\u00a0Les Jardins de Chanabier\u00a0\u00bb<\/li>\n<li>La d\u00e9couverte de la nature, des plantes et de leurs symboles<\/li>\n<li>La formation par tous moyens (stage, conf\u00e9rence, exposition, \u00e9v\u00e8nements&#8230;) \u00e0 la permaculture, \u00e0 la protection de la nature, \u00e0 la transition \u00e9cologique, au jardinage\u2026 et \u00e0 tout sujet li\u00e9 \u00e0 l\u2019environnement et au d\u00e9veloppement durable<\/li>\n<li>La cr\u00e9ation d\u2019un jardin potager partag\u00e9 collectif participant \u00e0 la r\u00e9insertion de personnes, seule ou avec des partenaires (associations familiales et\/ou caritatives)<\/li>\n<li>L\u2019aide \u00e0 la cr\u00e9ation de jardins partag\u00e9s et de lieux de rencontres autour de l\u2019environnement et de la nature<\/li>\n<li>L\u2019accompagnement de toute action collective ou participative ayant un impact positif sur l\u2019environnement ou la transition \u00e9cologique\u00a0<\/li>\n<li>Toute autre activit\u00e9 permettant la r\u00e9alisation de l\u2019objet de l\u2019association.<\/li>\n<\/ul>\n\n\n<h4 class=\"wp-block-heading\"><strong>Votre adh\u00e9sion soutient la vie de l&rsquo;association et ses actions.<\/strong><\/h4>\n\n\n\n<p>Les cotisations des membres, et les dons, peuvent b\u00e9n\u00e9ficier d&rsquo;une r\u00e9duction d&rsquo;imp\u00f4t (demande en cours aupr\u00e8s des services fiscaux)<\/p>\n\n\n\n<p>Pour adh\u00e9rer, vous avez trois possibilit\u00e9s :&nbsp;<\/p>\n\n\n\n<ul class=\"wp-block-list\">\n<li>&nbsp;Avec notre partenaire HelloAsso<\/li>\n<\/ul>\n\n\n\n<iframe id=\"haWidget\" allowtransparency=\"true\" scrolling=\"auto\" src=\"https:\/\/www.helloasso.com\/associations\/association-myrte-et-papyrus\/adhesions\/myrte-et-papyrus-adhesion\/widget\" style=\"width: 100%; height: 750px; border: none;\"><\/iframe>\n\n\n\n<ul class=\"wp-block-list\">\n<li>Par courrier<\/li>\n<\/ul>\n\n\n\n<p><em><a href=\"https:\/\/www.jardinsdechanabier.com\/wp-content\/uploads\/2025\/03\/Bulletin-dadhesion-A5-2023-web.pdf\" target=\"_blank\" rel=\"noreferrer noopener\">T\u00e9l\u00e9chargez le bulletin ici<\/a><\/em>, remplissez le et envoyez le \u00e0 :<\/p>\n\n\n\n<p>Association Myrte et Papyrus<br>25 chemin du Suet<br>07260 ROSIERES<\/p>\n\n\n\n<p>Votre adh\u00e9sion est \u00e0 payer par ch\u00e8que.<\/p>\n\n\n\n<ul class=\"wp-block-list\">\n<li>En visu<\/li>\n<\/ul>\n\n\n\n<p>\u00a0Vous pouvez adh\u00e9rer lors d&rsquo;une de nos actions (stands, rencontres, formations ou conf\u00e9rences&#8230;). Le paiement de la cotisation peut se faire alors en esp\u00e8ces, par ch\u00e8que ou avec la monnaie locale compl\u00e9mentaire de l&rsquo;Ard\u00e8che <a href=\"http:\/\/www.lucioles07.org\/\" target=\"_blank\" rel=\"noreferrer noopener\">\u00ab\u00a0les Lucioles\u00a0\u00bb<\/a>.<\/p>\n","protected":false},"excerpt":{"rendered":"<p>L\u2019association Myrte et Papyrus a \u00e9t\u00e9 cr\u00e9\u00e9e en juillet 2014 afin de mettre en \u0153uvre le projet de jardin botanique \u00a0\u00bb&nbsp;Les Jardins de Chanabier&nbsp;\u00a0\u00bb en Ard\u00e8che m\u00e9ridionale. Cette association loi 1901 a \u00e9t\u00e9 d\u00e9clar\u00e9e le 12 septembre 2014 aupr\u00e8s de la pr\u00e9fecture de l\u2019Ard\u00e8che sous le num\u00e9ro W071002144.&nbsp; L&rsquo;association a pour objectif :&nbsp;l&rsquo;\u00e9ducation \u00e0 l&rsquo;environnement &hellip; <\/p>\n<p class=\"link-more\"><a href=\"https:\/\/www.jardinsdechanabier.com\/?page_id=381\" class=\"more-link\">Continuer la lecture<span class=\"screen-reader-text\"> de &laquo;&nbsp;Adh\u00e9sion \u00e0 l&rsquo;association&nbsp;&raquo;<\/span><\/a><\/p>\n","protected":false},"author":1,"featured_media":1127,"parent":368,"menu_order":1,"comment_status":"closed","ping_status":"closed","template":"","meta":{"_exactmetrics_skip_tracking":false,"_exactmetrics_sitenote_active":false,"_exactmetrics_sitenote_note":"","_exactmetrics_sitenote_category":0,"footnotes":""},"class_list":["post-381","page","type-page","status-publish","has-post-thumbnail","hentry"],"_links":{"self":[{"href":"https:\/\/www.jardinsdechanabier.com\/index.php?rest_route=\/wp\/v2\/pages\/381","targetHints":{"allow":["GET"]}}],"collection":[{"href":"https:\/\/www.jardinsdechanabier.com\/index.php?rest_route=\/wp\/v2\/pages"}],"about":[{"href":"https:\/\/www.jardinsdechanabier.com\/index.php?rest_route=\/wp\/v2\/types\/page"}],"author":[{"embeddable":true,"href":"https:\/\/www.jardinsdechanabier.com\/index.php?rest_route=\/wp\/v2\/users\/1"}],"replies":[{"embeddable":true,"href":"https:\/\/www.jardinsdechanabier.com\/index.php?rest_route=%2Fwp%2Fv2%2Fcomments&post=381"}],"version-history":[{"count":7,"href":"https:\/\/www.jardinsdechanabier.com\/index.php?rest_route=\/wp\/v2\/pages\/381\/revisions"}],"predecessor-version":[{"id":1140,"href":"https:\/\/www.jardinsdechanabier.com\/index.php?rest_route=\/wp\/v2\/pages\/381\/revisions\/1140"}],"up":[{"embeddable":true,"href":"https:\/\/www.jardinsdechanabier.com\/index.php?rest_route=\/wp\/v2\/pages\/368"}],"wp:featuredmedia":[{"embeddable":true,"href":"https:\/\/www.jardinsdechanabier.com\/index.php?rest_route=\/wp\/v2\/media\/1127"}],"wp:attachment":[{"href":"https:\/\/www.jardinsdechanabier.com\/index.php?rest_route=%2Fwp%2Fv2%2Fmedia&parent=381"}],"curies":[{"name":"wp","href":"https:\/\/api.w.org\/{rel}","templated":true}]}}