{"id":383,"date":"2017-12-19T17:06:44","date_gmt":"2017-12-19T16:06:44","guid":{"rendered":"http:\/\/www.jardinsdechanabier.com\/?page_id=383"},"modified":"2025-03-09T19:13:23","modified_gmt":"2025-03-09T18:13:23","slug":"soutenir-le-projet","status":"publish","type":"page","link":"https:\/\/www.jardinsdechanabier.com\/?page_id=383","title":{"rendered":"Soutenir le projet"},"content":{"rendered":"\n<h4 class=\"wp-block-heading\">Pourquoi soutenir le projet :<\/h4>\n\n\n\n<blockquote class=\"wp-block-quote is-layout-flow wp-block-quote-is-layout-flow\">\n<p>\u00ab\u00a0A travers ce lieu convivial d\u2019\u00e9change et de partage, ouvert \u00e0 tous, nous apportons un regard diff\u00e9rent sur notre propre histoire li\u00e9e \u00e0 la nature. Nous permettons que chacun d\u00e9couvre comment vivre dans un monde plus \u00e9cologique, plus respectueux de la nature et de l&rsquo;homme.\u00a0\u00bb<\/p>\n<\/blockquote>\n\n\n\n<p>Vos dons nous permettrons :<\/p>\n\n\n\n<ul class=\"wp-block-list\">\n<li>De faire vivre l&rsquo;association et de d\u00e9velopper ses activit\u00e9s<\/li>\n\n\n\n<li>De pr\u00e9parer des actions de formation en permaculture dans notre Jardin Solidaire et Partag\u00e9 \u00e0 Rosi\u00e8res (Ard\u00e8che) ou dans d&rsquo;autres lieux.<\/li>\n\n\n\n<li>De d\u00e9velopper, d&rsquo;\u00e9quiper et de planter le Jardin Solidaire et Partag\u00e9 \u00e0 Rosi\u00e8res (Ard\u00e8che)<\/li>\n\n\n\n<li>D&rsquo;accro\u00eetre nos fonds propres pour acheter le foncier (nous recherchons un terrain en Ard\u00e8che M\u00e9ridionale)<\/li>\n\n\n\n<li>D&rsquo;acheter des plantes pour le jardin botanique et de d\u00e9velopper notre jardin de formation \u00e0 la permaculture<\/li>\n\n\n\n<li>De faire conna\u00eetre le projet (d\u00e9placement, tenue de stand, conf\u00e9rence&#8230;)<\/li>\n<\/ul>\n\n\n\n<h4 class=\"wp-block-heading\">Comment soutenir l&rsquo;association Myrte et Papyrus :<\/h4>\n\n\n\n<p>Vous pouvez faire un don en envoyant&nbsp;un ch\u00e8que \u00e0 <a href=\"https:\/\/www.jardinsdechanabier.com\/?page_id=19\">notre adresse.<\/a><\/p>\n\n\n\n<p><a href=\"https:\/\/www.helloasso.com\/associations\/association-myrte-et-papyrus\/formulaires\/1\" target=\"_blank\" rel=\"noreferrer noopener\">Vous pouvez aller sur le site de notre partenaire HelloAsso<\/a><\/p>\n\n\n\n<iframe id=\"haWidget\" allowtransparency=\"true\" scrolling=\"auto\" src=\"https:\/\/www.helloasso.com\/associations\/association-myrte-et-papyrus\/formulaires\/1\/widget\" style=\"width: 100%; height: 750px; border: none;\"><\/iframe>\n\n\n\n<p><a href=\"https:\/\/www.jardinsdechanabier.com\/?page_id=381\" target=\"_blank\" rel=\"noopener\">Vous pouvez aussi adh\u00e9rer \u00e0 l&rsquo;association.<\/a><\/p>\n\n\n\n<p>Les adh\u00e9sions et les dons peuvent b\u00e9n\u00e9ficier d\u2019une r\u00e9duction d\u2019imp\u00f4t (demande en cours aupr\u00e8s des services fiscaux)<\/p>\n\n\n\n<p><a href=\"https:\/\/www.helloasso.com\/\">HelloAsso<\/a> offre gratuitement ses services \u00e0 notre association. Si vous le pouvez, pensez \u00e0 laisser une contribution volontaire au moment de votre paiement : votre soutien permet de faire vivre ce mod\u00e8le solidaire !<\/p>\n\n\n\n<div class=\"wp-block-buttons is-layout-flex wp-block-buttons-is-layout-flex\">\n<div class=\"wp-block-button has-custom-width wp-block-button__width-25\"><a class=\"wp-block-button__link has-luminous-vivid-orange-background-color has-background wp-element-button\" href=\"https:\/\/www.helloasso.com\/associations\/association-myrte-et-papyrus\/formulaires\/1\">En savoir plus <\/a><\/div>\n<\/div>\n\n\n\n<p><\/p>\n","protected":false},"excerpt":{"rendered":"<p>Pourquoi soutenir le projet : \u00ab\u00a0A travers ce lieu convivial d\u2019\u00e9change et de partage, ouvert \u00e0 tous, nous apportons un regard diff\u00e9rent sur notre propre histoire li\u00e9e \u00e0 la nature. Nous permettons que chacun d\u00e9couvre comment vivre dans un monde plus \u00e9cologique, plus respectueux de la nature et de l&rsquo;homme.\u00a0\u00bb Vos dons nous permettrons : &hellip; <\/p>\n<p class=\"link-more\"><a href=\"https:\/\/www.jardinsdechanabier.com\/?page_id=383\" class=\"more-link\">Continuer la lecture<span class=\"screen-reader-text\"> de &laquo;&nbsp;Soutenir le projet&nbsp;&raquo;<\/span><\/a><\/p>\n","protected":false},"author":1,"featured_media":1121,"parent":368,"menu_order":2,"comment_status":"closed","ping_status":"closed","template":"","meta":{"_exactmetrics_skip_tracking":false,"_exactmetrics_sitenote_active":false,"_exactmetrics_sitenote_note":"","_exactmetrics_sitenote_category":0,"footnotes":""},"class_list":["post-383","page","type-page","status-publish","has-post-thumbnail","hentry"],"_links":{"self":[{"href":"https:\/\/www.jardinsdechanabier.com\/index.php?rest_route=\/wp\/v2\/pages\/383","targetHints":{"allow":["GET"]}}],"collection":[{"href":"https:\/\/www.jardinsdechanabier.com\/index.php?rest_route=\/wp\/v2\/pages"}],"about":[{"href":"https:\/\/www.jardinsdechanabier.com\/index.php?rest_route=\/wp\/v2\/types\/page"}],"author":[{"embeddable":true,"href":"https:\/\/www.jardinsdechanabier.com\/index.php?rest_route=\/wp\/v2\/users\/1"}],"replies":[{"embeddable":true,"href":"https:\/\/www.jardinsdechanabier.com\/index.php?rest_route=%2Fwp%2Fv2%2Fcomments&post=383"}],"version-history":[{"count":6,"href":"https:\/\/www.jardinsdechanabier.com\/index.php?rest_route=\/wp\/v2\/pages\/383\/revisions"}],"predecessor-version":[{"id":1126,"href":"https:\/\/www.jardinsdechanabier.com\/index.php?rest_route=\/wp\/v2\/pages\/383\/revisions\/1126"}],"up":[{"embeddable":true,"href":"https:\/\/www.jardinsdechanabier.com\/index.php?rest_route=\/wp\/v2\/pages\/368"}],"wp:featuredmedia":[{"embeddable":true,"href":"https:\/\/www.jardinsdechanabier.com\/index.php?rest_route=\/wp\/v2\/media\/1121"}],"wp:attachment":[{"href":"https:\/\/www.jardinsdechanabier.com\/index.php?rest_route=%2Fwp%2Fv2%2Fmedia&parent=383"}],"curies":[{"name":"wp","href":"https:\/\/api.w.org\/{rel}","templated":true}]}}