{"id":402,"date":"2017-12-30T19:17:28","date_gmt":"2017-12-30T18:17:28","guid":{"rendered":"http:\/\/www.jardinsdechanabier.com\/?page_id=402"},"modified":"2025-05-12T21:20:59","modified_gmt":"2025-05-12T19:20:59","slug":"lettre-de-nouvelles","status":"publish","type":"page","link":"https:\/\/www.jardinsdechanabier.com\/?page_id=402","title":{"rendered":"Lettre de nouvelles"},"content":{"rendered":"\n<figure class=\"wp-block-embed is-type-wp-embed is-provider-les-jardins-de-chanabier wp-block-embed-les-jardins-de-chanabier\"><div class=\"wp-block-embed__wrapper\">\n<blockquote class=\"wp-embedded-content\" data-secret=\"TZFKScYDXq\"><a href=\"https:\/\/www.jardinsdechanabier.com\/?p=1206\">Lettre de nouvelles n\u00b023 &#8211; Mai 2025<\/a><\/blockquote><iframe loading=\"lazy\" class=\"wp-embedded-content\" sandbox=\"allow-scripts\" security=\"restricted\" style=\"position: absolute; visibility: hidden;\" title=\"\u00ab\u00a0Lettre de nouvelles n\u00b023 &#8211; Mai 2025\u00a0\u00bb &#8212; les jardins de chanabier\" src=\"https:\/\/www.jardinsdechanabier.com\/?p=1206&#038;embed=true#?secret=CZyPXmu32Y#?secret=TZFKScYDXq\" data-secret=\"TZFKScYDXq\" width=\"525\" height=\"296\" frameborder=\"0\" marginwidth=\"0\" marginheight=\"0\" scrolling=\"no\"><\/iframe>\n<\/div><\/figure>\n\n\n<h4>Inscrivez-vous \u00e0 la lettre de nouvelles<\/h4>\n<p>Soyez au courant du projet, des derni\u00e8res actions, des prochains \u00e9v\u00e9nements&#8230;<\/p>\n<p>Les adh\u00e9rents \u00e0 l&rsquo;association re\u00e7oivent automatiquement la lettre de nouvelles des Jardins de Chanabier, et en plus des informations sp\u00e9cifiques au fonctionnement de l&rsquo;association.<\/p>\n<p>Vous n&rsquo;\u00eates pas adh\u00e9rent et vous voulez recevoir la lettre de nouvelles par mail,\u00a0 <a href=\"mailto:thenews@jardinsdechanabier.com\">cliquez sur ce lien pour nous envoyer un mail<\/a> en pr\u00e9cisant dans l&rsquo;objet \u00ab\u00a0inscription lettre de nouvelles\u00a0\u00bb<\/p>\n<p>Vous pouvez aussi nous suivre sur les r\u00e9seaux sociaux et sur le blog de ce site.<\/p>\n<h4><a href=\"https:\/\/www.jardinsdechanabier.com\/?cat=126\">Retrouvez toutes les lettres de nouvelles en cliquant ici<\/a><\/h4>\n<p>\u00a0<\/p>","protected":false},"excerpt":{"rendered":"<p>Inscrivez-vous \u00e0 la lettre de nouvelles Soyez au courant du projet, des derni\u00e8res actions, des prochains \u00e9v\u00e9nements&#8230; Les adh\u00e9rents \u00e0 l&rsquo;association re\u00e7oivent automatiquement la lettre de nouvelles des Jardins de Chanabier, et en plus des informations sp\u00e9cifiques au fonctionnement de l&rsquo;association. Vous n&rsquo;\u00eates pas adh\u00e9rent et vous voulez recevoir la lettre de nouvelles par mail,\u00a0 &hellip; <\/p>\n<p class=\"link-more\"><a href=\"https:\/\/www.jardinsdechanabier.com\/?page_id=402\" class=\"more-link\">Continuer la lecture<span class=\"screen-reader-text\"> de &laquo;&nbsp;Lettre de nouvelles&nbsp;&raquo;<\/span><\/a><\/p>\n","protected":false},"author":1,"featured_media":1141,"parent":368,"menu_order":4,"comment_status":"closed","ping_status":"closed","template":"","meta":{"_exactmetrics_skip_tracking":false,"_exactmetrics_sitenote_active":false,"_exactmetrics_sitenote_note":"","_exactmetrics_sitenote_category":0,"footnotes":""},"class_list":["post-402","page","type-page","status-publish","has-post-thumbnail","hentry"],"_links":{"self":[{"href":"https:\/\/www.jardinsdechanabier.com\/index.php?rest_route=\/wp\/v2\/pages\/402","targetHints":{"allow":["GET"]}}],"collection":[{"href":"https:\/\/www.jardinsdechanabier.com\/index.php?rest_route=\/wp\/v2\/pages"}],"about":[{"href":"https:\/\/www.jardinsdechanabier.com\/index.php?rest_route=\/wp\/v2\/types\/page"}],"author":[{"embeddable":true,"href":"https:\/\/www.jardinsdechanabier.com\/index.php?rest_route=\/wp\/v2\/users\/1"}],"replies":[{"embeddable":true,"href":"https:\/\/www.jardinsdechanabier.com\/index.php?rest_route=%2Fwp%2Fv2%2Fcomments&post=402"}],"version-history":[{"count":3,"href":"https:\/\/www.jardinsdechanabier.com\/index.php?rest_route=\/wp\/v2\/pages\/402\/revisions"}],"predecessor-version":[{"id":1219,"href":"https:\/\/www.jardinsdechanabier.com\/index.php?rest_route=\/wp\/v2\/pages\/402\/revisions\/1219"}],"up":[{"embeddable":true,"href":"https:\/\/www.jardinsdechanabier.com\/index.php?rest_route=\/wp\/v2\/pages\/368"}],"wp:featuredmedia":[{"embeddable":true,"href":"https:\/\/www.jardinsdechanabier.com\/index.php?rest_route=\/wp\/v2\/media\/1141"}],"wp:attachment":[{"href":"https:\/\/www.jardinsdechanabier.com\/index.php?rest_route=%2Fwp%2Fv2%2Fmedia&parent=402"}],"curies":[{"name":"wp","href":"https:\/\/api.w.org\/{rel}","templated":true}]}}