{"id":682,"date":"2019-02-28T18:11:15","date_gmt":"2019-02-28T17:11:15","guid":{"rendered":"http:\/\/www.jardinsdechanabier.com\/?page_id=682"},"modified":"2025-03-10T00:51:04","modified_gmt":"2025-03-09T23:51:04","slug":"evenements","status":"publish","type":"page","link":"https:\/\/www.jardinsdechanabier.com\/?page_id=682","title":{"rendered":"\u00c9v\u00e9nements"},"content":{"rendered":"\n<h3 class=\"wp-block-heading\">Retrouvez dans cette section les \u00e9v\u00e9nements du mois \u00e0 venir ainsi que le lien vers  prochains \u00e9v\u00e9nements, formations, rencontres&#8230; organis\u00e9s par l&rsquo;association Myrte et Papyrus ou en partenariat avec les Jardins de Chanabier<\/h3>\n\n\n\n<h2 class=\"wp-block-heading\">Les \u00e9v\u00e8nements du mois<\/h2>\n\n\n\n<figure class=\"wp-block-embed is-type-wp-embed is-provider-les-jardins-de-chanabier wp-block-embed-les-jardins-de-chanabier\"><div class=\"wp-block-embed__wrapper\">\n<blockquote class=\"wp-embedded-content\" data-secret=\"TFZov1UVmr\"><a href=\"https:\/\/www.jardinsdechanabier.com\/?p=1148\">Cin\u00e9-d\u00e9bat avec le film de Herv\u00e9 Payen : Paysans du Ciel \u00e0 la Terre<\/a><\/blockquote><iframe loading=\"lazy\" class=\"wp-embedded-content\" sandbox=\"allow-scripts\" security=\"restricted\" style=\"position: absolute; visibility: hidden;\" title=\"\u00ab\u00a0Cin\u00e9-d\u00e9bat avec le film de Herv\u00e9 Payen : Paysans du Ciel \u00e0 la Terre\u00a0\u00bb &#8212; les jardins de chanabier\" src=\"https:\/\/www.jardinsdechanabier.com\/?p=1148&#038;embed=true#?secret=0KoEbffq53#?secret=TFZov1UVmr\" data-secret=\"TFZov1UVmr\" width=\"525\" height=\"296\" frameborder=\"0\" marginwidth=\"0\" marginheight=\"0\" scrolling=\"no\"><\/iframe>\n<\/div><\/figure>\n\n\n\n<figure class=\"wp-block-embed is-type-wp-embed is-provider-les-jardins-de-chanabier wp-block-embed-les-jardins-de-chanabier\"><div class=\"wp-block-embed__wrapper\">\n<blockquote class=\"wp-embedded-content\" data-secret=\"KiOaTyFK3r\"><a href=\"https:\/\/www.jardinsdechanabier.com\/?p=983\">L&rsquo;art de cultiver le sol vivant<\/a><\/blockquote><iframe loading=\"lazy\" class=\"wp-embedded-content\" sandbox=\"allow-scripts\" security=\"restricted\" style=\"position: absolute; visibility: hidden;\" title=\"\u00ab\u00a0L&rsquo;art de cultiver le sol vivant\u00a0\u00bb &#8212; les jardins de chanabier\" src=\"https:\/\/www.jardinsdechanabier.com\/?p=983&#038;embed=true#?secret=jBHzyMuKtL#?secret=KiOaTyFK3r\" data-secret=\"KiOaTyFK3r\" width=\"525\" height=\"296\" frameborder=\"0\" marginwidth=\"0\" marginheight=\"0\" scrolling=\"no\"><\/iframe>\n<\/div><\/figure>\n\n\n\n<h2 class=\"wp-block-heading\"><a href=\"https:\/\/www.jardinsdechanabier.com\/?cat=7\">Retrouvez tout l&rsquo;agenda en cliquant ici<\/a><\/h2>\n\n\n\n<p><\/p>\n","protected":false},"excerpt":{"rendered":"<p>Retrouvez dans cette section les \u00e9v\u00e9nements du mois \u00e0 venir ainsi que le lien vers prochains \u00e9v\u00e9nements, formations, rencontres&#8230; organis\u00e9s par l&rsquo;association Myrte et Papyrus ou en partenariat avec les Jardins de Chanabier Les \u00e9v\u00e8nements du mois Retrouvez tout l&rsquo;agenda en cliquant ici<\/p>\n","protected":false},"author":1,"featured_media":1101,"parent":0,"menu_order":0,"comment_status":"closed","ping_status":"closed","template":"","meta":{"_exactmetrics_skip_tracking":false,"_exactmetrics_sitenote_active":false,"_exactmetrics_sitenote_note":"","_exactmetrics_sitenote_category":0,"footnotes":""},"class_list":["post-682","page","type-page","status-publish","has-post-thumbnail","hentry"],"_links":{"self":[{"href":"https:\/\/www.jardinsdechanabier.com\/index.php?rest_route=\/wp\/v2\/pages\/682","targetHints":{"allow":["GET"]}}],"collection":[{"href":"https:\/\/www.jardinsdechanabier.com\/index.php?rest_route=\/wp\/v2\/pages"}],"about":[{"href":"https:\/\/www.jardinsdechanabier.com\/index.php?rest_route=\/wp\/v2\/types\/page"}],"author":[{"embeddable":true,"href":"https:\/\/www.jardinsdechanabier.com\/index.php?rest_route=\/wp\/v2\/users\/1"}],"replies":[{"embeddable":true,"href":"https:\/\/www.jardinsdechanabier.com\/index.php?rest_route=%2Fwp%2Fv2%2Fcomments&post=682"}],"version-history":[{"count":3,"href":"https:\/\/www.jardinsdechanabier.com\/index.php?rest_route=\/wp\/v2\/pages\/682\/revisions"}],"predecessor-version":[{"id":1169,"href":"https:\/\/www.jardinsdechanabier.com\/index.php?rest_route=\/wp\/v2\/pages\/682\/revisions\/1169"}],"wp:featuredmedia":[{"embeddable":true,"href":"https:\/\/www.jardinsdechanabier.com\/index.php?rest_route=\/wp\/v2\/media\/1101"}],"wp:attachment":[{"href":"https:\/\/www.jardinsdechanabier.com\/index.php?rest_route=%2Fwp%2Fv2%2Fmedia&parent=682"}],"curies":[{"name":"wp","href":"https:\/\/api.w.org\/{rel}","templated":true}]}}