{"id":778,"date":"2019-06-18T07:10:05","date_gmt":"2019-06-18T05:10:05","guid":{"rendered":"http:\/\/www.jardinsdechanabier.com\/?page_id=778"},"modified":"2025-05-11T16:52:12","modified_gmt":"2025-05-11T14:52:12","slug":"formations-a-la-permaculture","status":"publish","type":"page","link":"https:\/\/www.jardinsdechanabier.com\/?page_id=778","title":{"rendered":"Formations \u00e0 la permaculture"},"content":{"rendered":"\n<h4 class=\"wp-block-heading\">En introduction<\/h4>\n\n\n\n<p><a rel=\"noreferrer noopener\" aria-label=\" (s\u2019ouvre dans un nouvel onglet)\" href=\"https:\/\/www.facebook.com\/PierreRabhiofficiel\/\" target=\"_blank\">Pierre Rabhi<\/a>&nbsp;et&nbsp;<a href=\"https:\/\/www.facebook.com\/nathanael.bechdolff\" target=\"_blank\" rel=\"noreferrer noopener\" aria-label=\" (s\u2019ouvre dans un nouvel onglet)\">Nathana\u00ebl Bechdolff<\/a>&nbsp;nous font d\u00e9couvrir l&rsquo;impact que nous pouvons avoir sur la Nature et sur notre humanit\u00e9.<\/p>\n\n\n\n<figure class=\"wp-block-embed is-type-video is-provider-youtube wp-block-embed-youtube wp-embed-aspect-16-9 wp-has-aspect-ratio\"><div class=\"wp-block-embed__wrapper\">\n<iframe loading=\"lazy\" title=\"Les Jardins de Chanabier - Respectons la vie\" width=\"525\" height=\"295\" src=\"https:\/\/www.youtube.com\/embed\/O4MVlWIL_iA?feature=oembed\" frameborder=\"0\" allow=\"accelerometer; autoplay; clipboard-write; encrypted-media; gyroscope; picture-in-picture; web-share\" referrerpolicy=\"strict-origin-when-cross-origin\" allowfullscreen><\/iframe>\n<\/div><\/figure>\n\n\n\n<p>Comment respecter la Vie ? Comment prendre soin de la Terre ? Comment prendre soin de l&rsquo;Homme ? Comment partager les ressources ?<\/p>\n\n\n\n<p>Vous voulez d\u00e9couvrir comment la biodiversit\u00e9 permet la vie ?&nbsp;<br>Vous voulez travailler \u00e0 la transition \u00e9cologique ?<br>Vous voulez vous former \u00e0 la permaculture ?<\/p>\n\n\n\n<p class=\"has-text-align-center\"><em><strong>Nos formations en permaculture suivent la m\u00e9thode <\/strong><\/em><br><em><strong>de<a rel=\"noreferrer noopener\" aria-label=\" Rosemary Morrow (s\u2019ouvre dans un nouvel onglet)\" href=\"http:\/\/www.bluemountainspermacultureinstitute.com.au\/\" target=\"_blank\"> Rosemary Morrow<\/a>, pionni\u00e8re australienne de la permaculture<\/strong><\/em><\/p>\n\n\n\n<h4 class=\"wp-block-heading\">Mettre en place une formation<\/h4>\n\n\n\n<p>L&rsquo;association Myrte et Papyrus peuvent vous aider \u00e0 mettre en place un atelier, un stage, une formation autour de la permaculture, sur la transition \u00e9cologique ou sur le respect de la biodiversit\u00e9&#8230; <a aria-label=\" (s\u2019ouvre dans un nouvel onglet)\" href=\"https:\/\/www.jardinsdechanabier.com\/?page_id=19\" target=\"_blank\" rel=\"noreferrer noopener\">Prenez contact avec nous<\/a>.<\/p>\n\n\n\n<h4 class=\"wp-block-heading\">Calendrier de nos formations<\/h4>\n\n\n\n<p>Dans cette section, vous pouvez trouver les intitul\u00e9s et les dates de nos formations. La pr\u00e9sentation des formations se trouve dans le lien en dessous des dates.  L&rsquo;inscription se fait via Hello Asso : le lien pour s&rsquo;inscrire est dans la page de la formation concern\u00e9e.<\/p>\n\n\n\n<h5 class=\"wp-block-heading\">L&rsquo;art de CUltiver le sol vivant <\/h5>\n\n\n\n<ul class=\"wp-block-list\">\n<li>ann\u00e9e 2025 : 22 &amp; 23 mars, 31 mai &amp; 1er juin, 18 &amp; 19 octobre<\/li>\n<\/ul>\n\n\n\n<figure class=\"wp-block-embed is-type-wp-embed is-provider-les-jardins-de-chanabier wp-block-embed-les-jardins-de-chanabier\"><div class=\"wp-block-embed__wrapper\">\n<blockquote class=\"wp-embedded-content\" data-secret=\"mNWNYcfBYN\"><a href=\"https:\/\/www.jardinsdechanabier.com\/?p=983\">L&rsquo;art de cultiver le sol vivant<\/a><\/blockquote><iframe loading=\"lazy\" class=\"wp-embedded-content\" sandbox=\"allow-scripts\" security=\"restricted\" style=\"position: absolute; visibility: hidden;\" title=\"\u00ab\u00a0L&rsquo;art de cultiver le sol vivant\u00a0\u00bb &#8212; les jardins de chanabier\" src=\"https:\/\/www.jardinsdechanabier.com\/?p=983&#038;embed=true#?secret=tuqQVKjpIm#?secret=mNWNYcfBYN\" data-secret=\"mNWNYcfBYN\" width=\"525\" height=\"296\" frameborder=\"0\" marginwidth=\"0\" marginheight=\"0\" scrolling=\"no\"><\/iframe>\n<\/div><\/figure>\n\n\n\n<h5 class=\"wp-block-heading\">A la d\u00e9couverte de la permaculture<\/h5>\n\n\n\n<ul class=\"wp-block-list\">\n<li>ann\u00e9e 2025 : 15 &amp; 16 f\u00e9vrier, 21 &amp; 22 juin, 8 et 9 novembre<\/li>\n<\/ul>\n\n\n\n<figure class=\"wp-block-embed is-type-wp-embed is-provider-les-jardins-de-chanabier wp-block-embed-les-jardins-de-chanabier\"><div class=\"wp-block-embed__wrapper\">\n<blockquote class=\"wp-embedded-content\" data-secret=\"ITS74lwsfu\"><a href=\"https:\/\/www.jardinsdechanabier.com\/?p=1017\">A la d\u00e9couverte de la permaculture<\/a><\/blockquote><iframe loading=\"lazy\" class=\"wp-embedded-content\" sandbox=\"allow-scripts\" security=\"restricted\" style=\"position: absolute; visibility: hidden;\" title=\"\u00ab\u00a0A la d\u00e9couverte de la permaculture\u00a0\u00bb &#8212; les jardins de chanabier\" src=\"https:\/\/www.jardinsdechanabier.com\/?p=1017&#038;embed=true#?secret=ZY30y158GD#?secret=ITS74lwsfu\" data-secret=\"ITS74lwsfu\" width=\"525\" height=\"296\" frameborder=\"0\" marginwidth=\"0\" marginheight=\"0\" scrolling=\"no\"><\/iframe>\n<\/div><\/figure>\n\n\n\n<h5 class=\"wp-block-heading\">concevoir votre projet en permaculture<\/h5>\n\n\n\n<ul class=\"wp-block-list\">\n<li>Du 21 avril au 3 mai 2025<\/li>\n\n\n\n<li>Du 15 juillet au 27 juillet 2025<\/li>\n<\/ul>\n\n\n\n<figure class=\"wp-block-embed is-type-wp-embed is-provider-les-jardins-de-chanabier wp-block-embed-les-jardins-de-chanabier\"><div class=\"wp-block-embed__wrapper\">\n<blockquote class=\"wp-embedded-content\" data-secret=\"KFwIJKyw2w\"><a href=\"https:\/\/www.jardinsdechanabier.com\/?p=1027\">Concevoir votre projet en Permaculture<\/a><\/blockquote><iframe loading=\"lazy\" class=\"wp-embedded-content\" sandbox=\"allow-scripts\" security=\"restricted\" style=\"position: absolute; visibility: hidden;\" title=\"\u00ab\u00a0Concevoir votre projet en Permaculture\u00a0\u00bb &#8212; les jardins de chanabier\" src=\"https:\/\/www.jardinsdechanabier.com\/?p=1027&#038;embed=true#?secret=AAQsLngxOR#?secret=KFwIJKyw2w\" data-secret=\"KFwIJKyw2w\" width=\"525\" height=\"296\" frameborder=\"0\" marginwidth=\"0\" marginheight=\"0\" scrolling=\"no\"><\/iframe>\n<\/div><\/figure>\n","protected":false},"excerpt":{"rendered":"<p>En introduction Pierre Rabhi&nbsp;et&nbsp;Nathana\u00ebl Bechdolff&nbsp;nous font d\u00e9couvrir l&rsquo;impact que nous pouvons avoir sur la Nature et sur notre humanit\u00e9. Comment respecter la Vie ? Comment prendre soin de la Terre ? Comment prendre soin de l&rsquo;Homme ? Comment partager les ressources ? Vous voulez d\u00e9couvrir comment la biodiversit\u00e9 permet la vie ?&nbsp;Vous voulez travailler \u00e0 &hellip; <\/p>\n<p class=\"link-more\"><a href=\"https:\/\/www.jardinsdechanabier.com\/?page_id=778\" class=\"more-link\">Continuer la lecture<span class=\"screen-reader-text\"> de &laquo;&nbsp;Formations \u00e0 la permaculture&nbsp;&raquo;<\/span><\/a><\/p>\n","protected":false},"author":1,"featured_media":780,"parent":97,"menu_order":1,"comment_status":"closed","ping_status":"closed","template":"","meta":{"_exactmetrics_skip_tracking":false,"_exactmetrics_sitenote_active":false,"_exactmetrics_sitenote_note":"","_exactmetrics_sitenote_category":0,"footnotes":""},"class_list":["post-778","page","type-page","status-publish","has-post-thumbnail","hentry"],"_links":{"self":[{"href":"https:\/\/www.jardinsdechanabier.com\/index.php?rest_route=\/wp\/v2\/pages\/778","targetHints":{"allow":["GET"]}}],"collection":[{"href":"https:\/\/www.jardinsdechanabier.com\/index.php?rest_route=\/wp\/v2\/pages"}],"about":[{"href":"https:\/\/www.jardinsdechanabier.com\/index.php?rest_route=\/wp\/v2\/types\/page"}],"author":[{"embeddable":true,"href":"https:\/\/www.jardinsdechanabier.com\/index.php?rest_route=\/wp\/v2\/users\/1"}],"replies":[{"embeddable":true,"href":"https:\/\/www.jardinsdechanabier.com\/index.php?rest_route=%2Fwp%2Fv2%2Fcomments&post=778"}],"version-history":[{"count":11,"href":"https:\/\/www.jardinsdechanabier.com\/index.php?rest_route=\/wp\/v2\/pages\/778\/revisions"}],"predecessor-version":[{"id":1187,"href":"https:\/\/www.jardinsdechanabier.com\/index.php?rest_route=\/wp\/v2\/pages\/778\/revisions\/1187"}],"up":[{"embeddable":true,"href":"https:\/\/www.jardinsdechanabier.com\/index.php?rest_route=\/wp\/v2\/pages\/97"}],"wp:featuredmedia":[{"embeddable":true,"href":"https:\/\/www.jardinsdechanabier.com\/index.php?rest_route=\/wp\/v2\/media\/780"}],"wp:attachment":[{"href":"https:\/\/www.jardinsdechanabier.com\/index.php?rest_route=%2Fwp%2Fv2%2Fmedia&parent=778"}],"curies":[{"name":"wp","href":"https:\/\/api.w.org\/{rel}","templated":true}]}}