{"id":96,"date":"2017-01-25T00:30:29","date_gmt":"2017-01-24T23:30:29","guid":{"rendered":"http:\/\/www.jardinsdechanabier.com\/?page_id=96"},"modified":"2024-09-19T15:16:12","modified_gmt":"2024-09-19T13:16:12","slug":"la-decouverte-de-la-nature","status":"publish","type":"page","link":"https:\/\/www.jardinsdechanabier.com\/?page_id=96","title":{"rendered":"La d\u00e9couverte de la nature"},"content":{"rendered":"<p>Qui dit plantes de la Bible, parle de la Cr\u00e9ation d\u00e9crite dans le livre de la Gen\u00e8se. Cette nature est l\u00e0 pour nous, nous pouvons en disposer, la cultiver dans tous les sens du terme car combien il est agr\u00e9able de se promener ou de se ressourcer au milieu d\u2019elle. C\u2019est aussi un lieu de d\u00e9tente ou d\u2019effort\u2026 Une ressource dont nous devons prendre soin. Cette terre est notre maison commune dont nous devons prendre soin sans l\u2019exploiter \u00e0 notre propre d\u00e9triment.<\/p>\n<p>Ainsi ce jardin permettra de&nbsp;:<\/p>\n<ul>\n<li>D\u00e9couvrir la nature<\/li>\n<li>Appr\u00e9hender sa biodiversit\u00e9 qui permet la vie, et qui permet de nous nourrir<\/li>\n<li>Apprendre comment un \u00e9quilibre se cr\u00e9e et comment une symbiose s\u2019installe entre les plantes, le sol et la faune<\/li>\n<li>Etre charm\u00e9 par les particularit\u00e9s de ce milieu naturel<\/li>\n<li>Aborder les questions de la protection de la nature en<br>\ncomprenant les m\u00e9canismes qui la font vivre<\/li>\n<li>Se d\u00e9tendre par une simple ballade ou m\u00e9diter en s\u2019asseyant au pied d\u2019un arbre<\/li>\n<li>D\u2019\u00e9couter car en faisant&nbsp; silence, la nature commence \u00e0 nous parler\u2026<\/li>\n<\/ul>\n\n\n<figure class=\"wp-block-embed is-type-wp-embed is-provider-les-jardins-de-chanabier wp-block-embed-les-jardins-de-chanabier\"><div class=\"wp-block-embed__wrapper\">\n<blockquote class=\"wp-embedded-content\" data-secret=\"2NEW5YBAvb\"><a href=\"https:\/\/www.jardinsdechanabier.com\/?page_id=891\">Le Jardin Solidaire et Partag\u00e9<\/a><\/blockquote><iframe loading=\"lazy\" class=\"wp-embedded-content\" sandbox=\"allow-scripts\" security=\"restricted\" style=\"position: absolute; visibility: hidden;\" title=\"\u00ab\u00a0Le Jardin Solidaire et Partag\u00e9\u00a0\u00bb &#8212; les jardins de chanabier\" src=\"https:\/\/www.jardinsdechanabier.com\/?page_id=891&#038;embed=true#?secret=A7SDDcrnXg#?secret=2NEW5YBAvb\" data-secret=\"2NEW5YBAvb\" width=\"525\" height=\"296\" frameborder=\"0\" marginwidth=\"0\" marginheight=\"0\" scrolling=\"no\"><\/iframe>\n<\/div><\/figure>\n","protected":false},"excerpt":{"rendered":"<p>Qui dit plantes de la Bible, parle de la Cr\u00e9ation d\u00e9crite dans le livre de la Gen\u00e8se. Cette nature est l\u00e0 pour nous, nous pouvons en disposer, la cultiver dans tous les sens du terme car combien il est agr\u00e9able de se promener ou de se ressourcer au milieu d\u2019elle. C\u2019est aussi un lieu de &hellip; <\/p>\n<p class=\"link-more\"><a href=\"https:\/\/www.jardinsdechanabier.com\/?page_id=96\" class=\"more-link\">Continuer la lecture<span class=\"screen-reader-text\"> de &laquo;&nbsp;La d\u00e9couverte de la nature&nbsp;&raquo;<\/span><\/a><\/p>\n","protected":false},"author":1,"featured_media":1080,"parent":17,"menu_order":2,"comment_status":"closed","ping_status":"closed","template":"","meta":{"_exactmetrics_skip_tracking":false,"_exactmetrics_sitenote_active":false,"_exactmetrics_sitenote_note":"","_exactmetrics_sitenote_category":0,"footnotes":""},"class_list":["post-96","page","type-page","status-publish","has-post-thumbnail","hentry"],"_links":{"self":[{"href":"https:\/\/www.jardinsdechanabier.com\/index.php?rest_route=\/wp\/v2\/pages\/96","targetHints":{"allow":["GET"]}}],"collection":[{"href":"https:\/\/www.jardinsdechanabier.com\/index.php?rest_route=\/wp\/v2\/pages"}],"about":[{"href":"https:\/\/www.jardinsdechanabier.com\/index.php?rest_route=\/wp\/v2\/types\/page"}],"author":[{"embeddable":true,"href":"https:\/\/www.jardinsdechanabier.com\/index.php?rest_route=\/wp\/v2\/users\/1"}],"replies":[{"embeddable":true,"href":"https:\/\/www.jardinsdechanabier.com\/index.php?rest_route=%2Fwp%2Fv2%2Fcomments&post=96"}],"version-history":[{"count":1,"href":"https:\/\/www.jardinsdechanabier.com\/index.php?rest_route=\/wp\/v2\/pages\/96\/revisions"}],"predecessor-version":[{"id":1094,"href":"https:\/\/www.jardinsdechanabier.com\/index.php?rest_route=\/wp\/v2\/pages\/96\/revisions\/1094"}],"up":[{"embeddable":true,"href":"https:\/\/www.jardinsdechanabier.com\/index.php?rest_route=\/wp\/v2\/pages\/17"}],"wp:featuredmedia":[{"embeddable":true,"href":"https:\/\/www.jardinsdechanabier.com\/index.php?rest_route=\/wp\/v2\/media\/1080"}],"wp:attachment":[{"href":"https:\/\/www.jardinsdechanabier.com\/index.php?rest_route=%2Fwp%2Fv2%2Fmedia&parent=96"}],"curies":[{"name":"wp","href":"https:\/\/api.w.org\/{rel}","templated":true}]}}