{"id":97,"date":"2017-01-25T00:30:29","date_gmt":"2017-01-24T23:30:29","guid":{"rendered":"http:\/\/www.jardinsdechanabier.com\/?page_id=97"},"modified":"2024-09-19T15:36:48","modified_gmt":"2024-09-19T13:36:48","slug":"la-formation","status":"publish","type":"page","link":"https:\/\/www.jardinsdechanabier.com\/?page_id=97","title":{"rendered":"La formation"},"content":{"rendered":"<p>La formation&nbsp;est dispens\u00e9e par Nathana\u00ebl Bechdolff, technicien agricole, jardinier depuis l\u2019\u00e2ge de 14 ans,&nbsp; paysagiste de profession et formateur en permaculture. Selon les th\u00e8mes abord\u00e9s en formation, d\u2019autres personnes membres de l\u2019association, ou ext\u00e9rieures, pourront intervenir.<\/p>\n<p>Apprendre les techniques biologiques et agro\u00e9cologiques de cultures<\/p>\n<p>Savoir concevoir un jardin, un am\u00e9nagement, un design, un projet&#8230; selon le concept de la permaculture<\/p>\n<p>Savoir les appliquer dans le jardin solidaire et partag\u00e9 des Jardins de<br \/>Chanabier ou dans son propre jardin<\/p>\n<p>Savoir favoriser la biodiversit\u00e9 et pourquoi elle doit \u00eatre am\u00e9lior\u00e9e<\/p>\n<p>Aborder les questions \u00e9cologiques afin de respecter la nature, la terre et les hommes<\/p>\n\n\n<figure class=\"wp-block-embed is-type-wp-embed is-provider-les-jardins-de-chanabier wp-block-embed-les-jardins-de-chanabier\"><div class=\"wp-block-embed__wrapper\">\n<blockquote class=\"wp-embedded-content\" data-secret=\"GKfpvcZPbB\"><a href=\"https:\/\/www.jardinsdechanabier.com\/?page_id=778\">Formations \u00e0 la permaculture<\/a><\/blockquote><iframe loading=\"lazy\" class=\"wp-embedded-content\" sandbox=\"allow-scripts\" security=\"restricted\" style=\"position: absolute; visibility: hidden;\" title=\"\u00ab\u00a0Formations \u00e0 la permaculture\u00a0\u00bb &#8212; les jardins de chanabier\" src=\"https:\/\/www.jardinsdechanabier.com\/?page_id=778&#038;embed=true#?secret=Qi4uN8KOgd#?secret=GKfpvcZPbB\" data-secret=\"GKfpvcZPbB\" width=\"525\" height=\"296\" frameborder=\"0\" marginwidth=\"0\" marginheight=\"0\" scrolling=\"no\"><\/iframe>\n<\/div><\/figure>\n\n\n\n<p class=\"has-pale-cyan-blue-color has-text-color has-link-color wp-elements-19ad3cce70b01e9510cdb07afb2906e1\"><em>Cr\u00e9dit photographie de cette page : photo de couverture par <a href=\"https:\/\/jonathan-bdlf.fr\/\" data-type=\"link\" data-id=\"https:\/\/jonathan-bdlf.fr\/\">Jonathan Bdlf<\/a> \u00a9 2023<\/em><\/p>\n\n\n\n<p><\/p>\n","protected":false},"excerpt":{"rendered":"<p>La formation&nbsp;est dispens\u00e9e par Nathana\u00ebl Bechdolff, technicien agricole, jardinier depuis l\u2019\u00e2ge de 14 ans,&nbsp; paysagiste de profession et formateur en permaculture. Selon les th\u00e8mes abord\u00e9s en formation, d\u2019autres personnes membres de l\u2019association, ou ext\u00e9rieures, pourront intervenir. Apprendre les techniques biologiques et agro\u00e9cologiques de cultures Savoir concevoir un jardin, un am\u00e9nagement, un design, un projet&#8230; selon &hellip; <\/p>\n<p class=\"link-more\"><a href=\"https:\/\/www.jardinsdechanabier.com\/?page_id=97\" class=\"more-link\">Continuer la lecture<span class=\"screen-reader-text\"> de &laquo;&nbsp;La formation&nbsp;&raquo;<\/span><\/a><\/p>\n","protected":false},"author":1,"featured_media":1096,"parent":17,"menu_order":3,"comment_status":"closed","ping_status":"closed","template":"","meta":{"_exactmetrics_skip_tracking":false,"_exactmetrics_sitenote_active":false,"_exactmetrics_sitenote_note":"","_exactmetrics_sitenote_category":0,"footnotes":""},"class_list":["post-97","page","type-page","status-publish","has-post-thumbnail","hentry"],"_links":{"self":[{"href":"https:\/\/www.jardinsdechanabier.com\/index.php?rest_route=\/wp\/v2\/pages\/97","targetHints":{"allow":["GET"]}}],"collection":[{"href":"https:\/\/www.jardinsdechanabier.com\/index.php?rest_route=\/wp\/v2\/pages"}],"about":[{"href":"https:\/\/www.jardinsdechanabier.com\/index.php?rest_route=\/wp\/v2\/types\/page"}],"author":[{"embeddable":true,"href":"https:\/\/www.jardinsdechanabier.com\/index.php?rest_route=\/wp\/v2\/users\/1"}],"replies":[{"embeddable":true,"href":"https:\/\/www.jardinsdechanabier.com\/index.php?rest_route=%2Fwp%2Fv2%2Fcomments&post=97"}],"version-history":[{"count":3,"href":"https:\/\/www.jardinsdechanabier.com\/index.php?rest_route=\/wp\/v2\/pages\/97\/revisions"}],"predecessor-version":[{"id":1108,"href":"https:\/\/www.jardinsdechanabier.com\/index.php?rest_route=\/wp\/v2\/pages\/97\/revisions\/1108"}],"up":[{"embeddable":true,"href":"https:\/\/www.jardinsdechanabier.com\/index.php?rest_route=\/wp\/v2\/pages\/17"}],"wp:featuredmedia":[{"embeddable":true,"href":"https:\/\/www.jardinsdechanabier.com\/index.php?rest_route=\/wp\/v2\/media\/1096"}],"wp:attachment":[{"href":"https:\/\/www.jardinsdechanabier.com\/index.php?rest_route=%2Fwp%2Fv2%2Fmedia&parent=97"}],"curies":[{"name":"wp","href":"https:\/\/api.w.org\/{rel}","templated":true}]}}